{"id":129,"date":"2023-06-15T18:20:04","date_gmt":"2023-06-15T18:20:04","guid":{"rendered":"https:\/\/vueltavila.es\/?page_id=129"},"modified":"2025-07-24T16:04:46","modified_gmt":"2025-07-24T16:04:46","slug":"en-directo","status":"publish","type":"page","link":"https:\/\/vueltavila.es\/?page_id=129","title":{"rendered":"En Directo"},"content":{"rendered":"\n<div class=\"wp-block-cover alignfull is-light\" style=\"min-height:700px;aspect-ratio:unset;\"><span aria-hidden=\"true\" class=\"wp-block-cover__background has-background-dim-20 has-background-dim\"><\/span><img decoding=\"async\" width=\"1952\" height=\"1951\" class=\"wp-block-cover__image-background wp-image-125\" alt=\"\" src=\"https:\/\/vueltavila.es\/wp-content\/uploads\/2023\/06\/mural_2-1.jpg\" data-object-fit=\"cover\" srcset=\"https:\/\/vueltavila.es\/wp-content\/uploads\/2023\/06\/mural_2-1.jpg 1952w, https:\/\/vueltavila.es\/wp-content\/uploads\/2023\/06\/mural_2-1-300x300.jpg 300w, https:\/\/vueltavila.es\/wp-content\/uploads\/2023\/06\/mural_2-1-1024x1024.jpg 1024w, https:\/\/vueltavila.es\/wp-content\/uploads\/2023\/06\/mural_2-1-150x150.jpg 150w, https:\/\/vueltavila.es\/wp-content\/uploads\/2023\/06\/mural_2-1-768x768.jpg 768w, https:\/\/vueltavila.es\/wp-content\/uploads\/2023\/06\/mural_2-1-1536x1536.jpg 1536w\" sizes=\"(max-width: 1952px) 100vw, 1952px\" \/><div class=\"wp-block-cover__inner-container is-layout-flow wp-block-cover-is-layout-flow\">\n<p class=\"has-text-align-center has-white-color has-text-color\" style=\"font-size:clamp(34.313px, 2.145rem + ((1vw - 3.2px) * 2.45), 62px);font-style:normal;font-weight:900\"><strong>dureza. sacrificio. esfuerzo.<\/strong><\/p>\n\n\n\n<p class=\"has-text-align-center has-white-color has-text-color\">\u00a1Pronto podr\u00e1s disfrutar en directo de la Vuelta \u00c1vila a trav\u00e9s de estos enlaces! Mientras tanto, te invitamos a seguirnos en nuestras redes sociales para estar al tanto de todas las novedades. \u00a1Muchas gracias por tu inter\u00e9s!<\/p>\n\n\n\n<div style=\"height:71px\" aria-hidden=\"true\" class=\"wp-block-spacer\"><\/div>\n\n\n\n<div class=\"wp-block-buttons is-content-justification-center is-layout-flex wp-container-core-buttons-is-layout-a89b3969 wp-block-buttons-is-layout-flex\">\n<div class=\"wp-block-button is-style-outline is-style-outline--1\"><a class=\"wp-block-button__link has-white-color has-text-color has-background wp-element-button\" href=\"https:\/\/www.youtube.com\/live\/2rsG-ZPSbjE?si=GxVE8ttyT4P9ogdb\" style=\"border-radius:0px;background-color:#13636d\" target=\"_blank\" rel=\"noreferrer noopener\">ETAPA 1<\/a><\/div>\n\n\n\n<div class=\"wp-block-button is-style-outline is-style-outline--2\"><a class=\"wp-block-button__link has-white-color has-text-color has-background wp-element-button\" href=\"https:\/\/www.youtube.com\/live\/8uppE838g2k?si=fz4kUZx3YokSdAxe\" style=\"border-radius:0px;background-color:#13636d\" target=\"_blank\" rel=\"noreferrer noopener\">ETAPA 2<\/a><\/div>\n\n\n\n<div class=\"wp-block-button is-style-outline is-style-outline--3\"><a class=\"wp-block-button__link has-white-color has-text-color has-background wp-element-button\" href=\"https:\/\/www.youtube.com\/live\/IY0hF-qSRrM?si=mWk9RqGFtUPqeSRa\" style=\"border-radius:0px;background-color:#13636d\" target=\"_blank\" rel=\"noreferrer noopener\">ETAPA 3<\/a><\/div>\n<\/div>\n<\/div><\/div>\n\n\n\n<div style=\"height:100px\" aria-hidden=\"true\" class=\"wp-block-spacer\"><\/div>\n\n\n\n<div style=\"height:100px\" aria-hidden=\"true\" class=\"wp-block-spacer\"><\/div>\n","protected":false},"excerpt":{"rendered":"","protected":false},"author":4,"featured_media":0,"parent":0,"menu_order":0,"comment_status":"closed","ping_status":"closed","template":"","meta":{"inspiro_hide_title":false,"footnotes":""},"class_list":["post-129","page","type-page","status-publish","hentry"],"_links":{"self":[{"href":"https:\/\/vueltavila.es\/index.php?rest_route=\/wp\/v2\/pages\/129","targetHints":{"allow":["GET"]}}],"collection":[{"href":"https:\/\/vueltavila.es\/index.php?rest_route=\/wp\/v2\/pages"}],"about":[{"href":"https:\/\/vueltavila.es\/index.php?rest_route=\/wp\/v2\/types\/page"}],"author":[{"embeddable":true,"href":"https:\/\/vueltavila.es\/index.php?rest_route=\/wp\/v2\/users\/4"}],"replies":[{"embeddable":true,"href":"https:\/\/vueltavila.es\/index.php?rest_route=%2Fwp%2Fv2%2Fcomments&post=129"}],"version-history":[{"count":16,"href":"https:\/\/vueltavila.es\/index.php?rest_route=\/wp\/v2\/pages\/129\/revisions"}],"predecessor-version":[{"id":615,"href":"https:\/\/vueltavila.es\/index.php?rest_route=\/wp\/v2\/pages\/129\/revisions\/615"}],"wp:attachment":[{"href":"https:\/\/vueltavila.es\/index.php?rest_route=%2Fwp%2Fv2%2Fmedia&parent=129"}],"curies":[{"name":"wp","href":"https:\/\/api.w.org\/{rel}","templated":true}]}}