{"id":7,"date":"2023-06-15T14:30:34","date_gmt":"2023-06-15T14:30:34","guid":{"rendered":"https:\/\/vueltavila.es\/?page_id=7"},"modified":"2025-07-08T10:55:13","modified_gmt":"2025-07-08T10:55:13","slug":"hermosos-portafolios-para-creativos-excepcionales","status":"publish","type":"page","link":"https:\/\/vueltavila.es\/","title":{"rendered":"Vuelve la vuelta \u00c1vila"},"content":{"rendered":"\n<p class=\"has-text-align-center\">\u00a1Bienvenidos a la emocionante 48\u00aa edici\u00f3n de la Vuelta \u00c1vila! Durante los d\u00edas 8, 9 y 10 de agosto, los amantes del ciclismo podr\u00e1n disfrutar de tres d\u00edas llenos de emoci\u00f3n, competencia y paisajes impresionantes. Los mejores ciclistas del mundo se dar\u00e1n cita en esta prestigiosa carrera, desafiando sus l\u00edmites y demostrando su destreza en las carreteras de \u00c1vila. \u00a1Prep\u00e1rense para vivir momentos inolvidables y apoyar a sus corredores favoritos en esta incre\u00edble competencia ciclista! \u00a1Que empiece la Vuelta \u00c1vila 2025!.<\/p>\n\n\n\n<div style=\"height:55px\" aria-hidden=\"true\" class=\"wp-block-spacer\"><\/div>\n\n\n\n<div class=\"wp-block-group alignfull has-background has-global-padding is-layout-constrained wp-block-group-is-layout-constrained\" style=\"background-color:#e5e9ec;padding-top:var(--wp--preset--spacing--small);padding-bottom:var(--wp--preset--spacing--small)\">\n<div class=\"wp-block-columns is-layout-flex wp-container-core-columns-is-layout-7db7aa3e wp-block-columns-is-layout-flex\" style=\"padding-right:0;padding-left:0\">\n<div class=\"wp-block-column is-vertically-aligned-center is-layout-flow wp-block-column-is-layout-flow\">\n<h2 class=\"wp-block-heading has-medium-font-size\" style=\"text-transform:uppercase\">eTAPA 1<\/h2>\n\n\n\n<p>Salida de Martiherrero con llegada a Aldeavieja, metas volantes en Fontiveros y Maello. Se subiran los puertos de San Martin de las Cabezas 3\u00ba Cat. y Maello de 3\u00aa Cat.<\/p>\n\n\n\n<p>Premio Julio Jim\u00e9nez.<\/p>\n\n\n\n<div class=\"wp-block-buttons is-horizontal is-content-justification-left is-layout-flex wp-container-core-buttons-is-layout-20be11b6 wp-block-buttons-is-layout-flex\">\n<div class=\"wp-block-button is-style-outline is-style-outline--1\"><a class=\"wp-block-button__link wp-element-button\" href=\"https:\/\/vueltavila.es\/?page_id=70\">M\u00c1S INFO<\/a><\/div>\n<\/div>\n\n\n\n<p><\/p>\n<\/div>\n\n\n\n<div class=\"wp-block-column is-layout-flow wp-block-column-is-layout-flow\">\n<figure class=\"wp-block-image size-full\"><img decoding=\"async\" width=\"1080\" height=\"1350\" src=\"https:\/\/vueltavila.es\/wp-content\/uploads\/2025\/07\/ETAPA_1-INFO.jpg\" alt=\"\" class=\"wp-image-570\" srcset=\"https:\/\/vueltavila.es\/wp-content\/uploads\/2025\/07\/ETAPA_1-INFO.jpg 1080w, https:\/\/vueltavila.es\/wp-content\/uploads\/2025\/07\/ETAPA_1-INFO-240x300.jpg 240w, https:\/\/vueltavila.es\/wp-content\/uploads\/2025\/07\/ETAPA_1-INFO-819x1024.jpg 819w\" sizes=\"(max-width: 1080px) 100vw, 1080px\" \/><\/figure>\n<\/div>\n<\/div>\n<\/div>\n\n\n\n<div class=\"wp-block-group alignfull has-white-background-color has-background has-global-padding is-layout-constrained wp-block-group-is-layout-constrained\">\n<div class=\"wp-block-group has-global-padding is-layout-constrained wp-block-group-is-layout-constrained\" style=\"padding-top:var(--wp--preset--spacing--small);padding-bottom:var(--wp--preset--spacing--small)\">\n<div style=\"height:30px\" aria-hidden=\"true\" class=\"wp-block-spacer\"><\/div>\n\n\n\n<div class=\"wp-block-columns are-vertically-aligned-center is-layout-flex wp-container-core-columns-is-layout-c375d253 wp-block-columns-is-layout-flex\">\n<div class=\"wp-block-column is-vertically-aligned-center is-layout-flow wp-block-column-is-layout-flow\">\n<figure class=\"wp-block-image aligncenter size-full\"><img decoding=\"async\" width=\"1080\" height=\"1350\" src=\"https:\/\/vueltavila.es\/wp-content\/uploads\/2025\/07\/ETAPA_2-INFO.jpg\" alt=\"\" class=\"wp-image-572\" srcset=\"https:\/\/vueltavila.es\/wp-content\/uploads\/2025\/07\/ETAPA_2-INFO.jpg 1080w, https:\/\/vueltavila.es\/wp-content\/uploads\/2025\/07\/ETAPA_2-INFO-240x300.jpg 240w, https:\/\/vueltavila.es\/wp-content\/uploads\/2025\/07\/ETAPA_2-INFO-819x1024.jpg 819w\" sizes=\"(max-width: 1080px) 100vw, 1080px\" \/><\/figure>\n<\/div>\n\n\n\n<div class=\"wp-block-column is-vertically-aligned-center is-layout-flow wp-block-column-is-layout-flow\">\n<h2 class=\"wp-block-heading has-medium-font-size\" style=\"text-transform:uppercase\">etapa 2<\/h2>\n\n\n\n<p>Salida neutralizada del ayuntamiento del OSO con llegada a Sotillo de la Adrada, metas volantes en Mingorria y El Tiemblo. Se subiran los puertos de La Lancha de 3\u00ba Cat. Casillas de 1\u00aa Cat.<\/p>\n\n\n\n<p>Premio Julio Jim\u00e9nez<\/p>\n\n\n\n<div class=\"wp-block-buttons is-layout-flex wp-block-buttons-is-layout-flex\">\n<div class=\"wp-block-button is-style-outline is-style-outline--2\"><a class=\"wp-block-button__link wp-element-button\" href=\"https:\/\/vueltavila.es\/?page_id=80\" style=\"border-radius:0px\">M\u00c1S INFO<\/a><\/div>\n<\/div>\n<\/div>\n<\/div>\n\n\n\n<div style=\"height:30px\" aria-hidden=\"true\" class=\"wp-block-spacer\"><\/div>\n<\/div>\n<\/div>\n\n\n\n<div class=\"wp-block-group alignfull has-background has-global-padding is-layout-constrained wp-block-group-is-layout-constrained\" style=\"background-color:#e5e9ec;padding-top:var(--wp--preset--spacing--small);padding-bottom:var(--wp--preset--spacing--small)\">\n<div class=\"wp-block-columns is-layout-flex wp-container-core-columns-is-layout-7db7aa3e wp-block-columns-is-layout-flex\" style=\"padding-right:0;padding-left:0\">\n<div class=\"wp-block-column is-vertically-aligned-center is-layout-flow wp-block-column-is-layout-flow\">\n<h2 class=\"wp-block-heading has-medium-font-size\" style=\"text-transform:uppercase\">ETapa 3<\/h2>\n\n\n\n<p>Salida de Navarredondilla con llegada a Avila metas volantes en Navalosa y San Bartolome. Se subiran los puertos de Navalacruz 2\u00aaCat. Villanueva de Avila 2\u00aaCat. Puente del Morisco 1\u00aaCat. El Boqueron 1\u00aaCat.<\/p>\n\n\n\n<div class=\"wp-block-buttons is-horizontal is-content-justification-left is-layout-flex wp-container-core-buttons-is-layout-20be11b6 wp-block-buttons-is-layout-flex\">\n<div class=\"wp-block-button is-style-outline is-style-outline--3\"><a class=\"wp-block-button__link wp-element-button\" href=\"https:\/\/vueltavila.es\/?page_id=88\">M\u00c1S INFO<\/a><\/div>\n<\/div>\n\n\n\n<p><\/p>\n<\/div>\n\n\n\n<div class=\"wp-block-column is-layout-flow wp-block-column-is-layout-flow\">\n<figure class=\"wp-block-image size-full\"><img decoding=\"async\" width=\"1080\" height=\"1350\" src=\"https:\/\/vueltavila.es\/wp-content\/uploads\/2025\/07\/ETAPA_3-INFO.jpg\" alt=\"\" class=\"wp-image-573\" srcset=\"https:\/\/vueltavila.es\/wp-content\/uploads\/2025\/07\/ETAPA_3-INFO.jpg 1080w, https:\/\/vueltavila.es\/wp-content\/uploads\/2025\/07\/ETAPA_3-INFO-240x300.jpg 240w, https:\/\/vueltavila.es\/wp-content\/uploads\/2025\/07\/ETAPA_3-INFO-819x1024.jpg 819w\" sizes=\"(max-width: 1080px) 100vw, 1080px\" \/><\/figure>\n<\/div>\n<\/div>\n<\/div>\n\n\n\n<div class=\"wp-block-group alignfull has-primary-background-color has-background is-layout-flow wp-block-group-is-layout-flow\">\n<p class=\"has-text-align-center has-large-font-size\"><\/p>\n\n\n\n<div class=\"wp-block-group has-primary-background-color has-background has-global-padding is-layout-constrained wp-block-group-is-layout-constrained\">\n<h2 class=\"wp-block-heading alignfull has-text-align-center has-white-color has-primary-background-color has-text-color has-background\"><strong>MAILLOT DE LA VUELTA \u00c1VILA<\/strong><\/h2>\n\n\n\n<figure class=\"wp-block-gallery aligncenter has-nested-images columns-default is-cropped has-primary-background-color has-background wp-block-gallery-4 is-layout-flex wp-block-gallery-is-layout-flex\">\n<figure class=\"wp-block-image aligncenter size-large\"><img decoding=\"async\" width=\"576\" height=\"1024\" data-id=\"104\" src=\"https:\/\/vueltavila.es\/wp-content\/uploads\/2023\/06\/MAILLOT_6-576x1024.jpg\" alt=\"\" class=\"wp-image-104\" srcset=\"https:\/\/vueltavila.es\/wp-content\/uploads\/2023\/06\/MAILLOT_6-576x1024.jpg 576w, https:\/\/vueltavila.es\/wp-content\/uploads\/2023\/06\/MAILLOT_6-169x300.jpg 169w, https:\/\/vueltavila.es\/wp-content\/uploads\/2023\/06\/MAILLOT_6.jpg 750w\" sizes=\"(max-width: 576px) 100vw, 576px\" \/><\/figure>\n\n\n\n<figure class=\"wp-block-image size-large\"><img decoding=\"async\" width=\"576\" height=\"1024\" data-id=\"103\" src=\"https:\/\/vueltavila.es\/wp-content\/uploads\/2023\/06\/MAILLOT_5-576x1024.jpg\" alt=\"\" class=\"wp-image-103\" srcset=\"https:\/\/vueltavila.es\/wp-content\/uploads\/2023\/06\/MAILLOT_5-576x1024.jpg 576w, https:\/\/vueltavila.es\/wp-content\/uploads\/2023\/06\/MAILLOT_5-169x300.jpg 169w, https:\/\/vueltavila.es\/wp-content\/uploads\/2023\/06\/MAILLOT_5.jpg 750w\" sizes=\"(max-width: 576px) 100vw, 576px\" \/><\/figure>\n\n\n\n<figure class=\"wp-block-image size-large\"><img decoding=\"async\" width=\"576\" height=\"1024\" data-id=\"101\" src=\"https:\/\/vueltavila.es\/wp-content\/uploads\/2023\/06\/MAILLOT_3-576x1024.jpg\" alt=\"\" class=\"wp-image-101\" srcset=\"https:\/\/vueltavila.es\/wp-content\/uploads\/2023\/06\/MAILLOT_3-576x1024.jpg 576w, https:\/\/vueltavila.es\/wp-content\/uploads\/2023\/06\/MAILLOT_3-169x300.jpg 169w, https:\/\/vueltavila.es\/wp-content\/uploads\/2023\/06\/MAILLOT_3.jpg 750w\" sizes=\"(max-width: 576px) 100vw, 576px\" \/><\/figure>\n\n\n\n<figure class=\"wp-block-image size-large\"><img decoding=\"async\" width=\"576\" height=\"1024\" data-id=\"100\" src=\"https:\/\/vueltavila.es\/wp-content\/uploads\/2023\/06\/MAILLOT_2-576x1024.jpg\" alt=\"\" class=\"wp-image-100\" srcset=\"https:\/\/vueltavila.es\/wp-content\/uploads\/2023\/06\/MAILLOT_2-576x1024.jpg 576w, https:\/\/vueltavila.es\/wp-content\/uploads\/2023\/06\/MAILLOT_2-169x300.jpg 169w, https:\/\/vueltavila.es\/wp-content\/uploads\/2023\/06\/MAILLOT_2.jpg 750w\" sizes=\"(max-width: 576px) 100vw, 576px\" \/><\/figure>\n\n\n\n<figure class=\"wp-block-image size-large\"><img decoding=\"async\" width=\"576\" height=\"1024\" data-id=\"102\" src=\"https:\/\/vueltavila.es\/wp-content\/uploads\/2023\/06\/MAILLOT_4-576x1024.jpg\" alt=\"\" class=\"wp-image-102\" srcset=\"https:\/\/vueltavila.es\/wp-content\/uploads\/2023\/06\/MAILLOT_4-576x1024.jpg 576w, https:\/\/vueltavila.es\/wp-content\/uploads\/2023\/06\/MAILLOT_4-169x300.jpg 169w, https:\/\/vueltavila.es\/wp-content\/uploads\/2023\/06\/MAILLOT_4.jpg 750w\" sizes=\"(max-width: 576px) 100vw, 576px\" \/><\/figure>\n\n\n\n<figure class=\"wp-block-image size-large\"><img decoding=\"async\" width=\"576\" height=\"1024\" data-id=\"99\" src=\"https:\/\/vueltavila.es\/wp-content\/uploads\/2023\/06\/MAILLOT_1-576x1024.jpg\" alt=\"\" class=\"wp-image-99\" srcset=\"https:\/\/vueltavila.es\/wp-content\/uploads\/2023\/06\/MAILLOT_1-576x1024.jpg 576w, https:\/\/vueltavila.es\/wp-content\/uploads\/2023\/06\/MAILLOT_1-169x300.jpg 169w, https:\/\/vueltavila.es\/wp-content\/uploads\/2023\/06\/MAILLOT_1.jpg 750w\" sizes=\"(max-width: 576px) 100vw, 576px\" \/><\/figure>\n\n\n\n<figure class=\"wp-block-image size-full\"><img decoding=\"async\" width=\"576\" height=\"1024\" data-id=\"591\" src=\"https:\/\/vueltavila.es\/wp-content\/uploads\/2025\/07\/MAILLOT_9.jpg\" alt=\"\" class=\"wp-image-591\" srcset=\"https:\/\/vueltavila.es\/wp-content\/uploads\/2025\/07\/MAILLOT_9.jpg 576w, https:\/\/vueltavila.es\/wp-content\/uploads\/2025\/07\/MAILLOT_9-169x300.jpg 169w\" sizes=\"(max-width: 576px) 100vw, 576px\" \/><\/figure>\n\n\n\n<figure class=\"wp-block-image size-full\"><img decoding=\"async\" width=\"576\" height=\"1024\" data-id=\"590\" src=\"https:\/\/vueltavila.es\/wp-content\/uploads\/2025\/07\/MAILLOT_8.jpg\" alt=\"\" class=\"wp-image-590\" srcset=\"https:\/\/vueltavila.es\/wp-content\/uploads\/2025\/07\/MAILLOT_8.jpg 576w, https:\/\/vueltavila.es\/wp-content\/uploads\/2025\/07\/MAILLOT_8-169x300.jpg 169w\" sizes=\"(max-width: 576px) 100vw, 576px\" \/><\/figure>\n\n\n\n<figure class=\"wp-block-image size-large\"><img decoding=\"async\" width=\"576\" height=\"1024\" data-id=\"234\" src=\"https:\/\/vueltavila.es\/wp-content\/uploads\/2023\/06\/MAILLOT_7b-576x1024.jpg\" alt=\"\" class=\"wp-image-234\" srcset=\"https:\/\/vueltavila.es\/wp-content\/uploads\/2023\/06\/MAILLOT_7b-576x1024.jpg 576w, https:\/\/vueltavila.es\/wp-content\/uploads\/2023\/06\/MAILLOT_7b-169x300.jpg 169w, https:\/\/vueltavila.es\/wp-content\/uploads\/2023\/06\/MAILLOT_7b.jpg 750w\" sizes=\"(max-width: 576px) 100vw, 576px\" \/><\/figure>\n<\/figure>\n<\/div>\n<\/div>\n\n\n\n<div class=\"wp-block-cover alignfull is-light has-parallax is-position-center-center\" style=\"min-height:375px;aspect-ratio:unset;\"><span aria-hidden=\"true\" class=\"wp-block-cover__background has-black-background-color has-background-dim-40 has-background-dim\"><\/span><div class=\"wp-block-cover__image-background wp-image-36 has-parallax\" style=\"background-position:50% 50%;background-image:url(https:\/\/vueltavila.es\/wp-content\/uploads\/2023\/06\/JulioJimenez.jpg)\"><\/div><div class=\"wp-block-cover__inner-container is-layout-flow wp-block-cover-is-layout-flow\">\n<p class=\"has-text-align-center has-text-color has-huge-font-size\" style=\"color:#fffffa;line-height:1.1\"><strong>MEMORIAL JULIO JIMENEZ<\/strong><\/p>\n\n\n\n<p class=\"has-text-align-center\">Julio Jim\u00e9nez Mu\u00f1oz, \u200b apodado El Relojero de \u00c1vila, fue un ciclista espa\u00f1ol profesional entre 1959 y 1969, a\u00f1os entre los cuales logr\u00f3 29 victorias, de las cuales destacan cinco victorias de etapa en el Tour de Francia, cuatro victorias de etapa en el Giro de Italia y tres victorias de etapa en la Vuelta a Espa\u00f1a<\/p>\n\n\n\n<div style=\"height:39px\" aria-hidden=\"true\" class=\"wp-block-spacer\"><\/div>\n\n\n\n<div class=\"wp-block-buttons is-horizontal is-content-justification-center is-layout-flex wp-container-core-buttons-is-layout-03627597 wp-block-buttons-is-layout-flex\">\n<div class=\"wp-block-button is-style-outline is-style-outline--5\"><a class=\"wp-block-button__link has-white-color has-text-color wp-element-button\" href=\"https:\/\/vueltavila.es\/?page_id=9\">CONTACTO<\/a><\/div>\n<\/div>\n<\/div><\/div>\n","protected":false},"excerpt":{"rendered":"<p>\u00a1Bienvenidos a la emocionante 48\u00aa edici\u00f3n de la Vuelta \u00c1vila! Durante los d\u00edas 8, 9 y 10 de agosto, los amantes del ciclismo podr\u00e1n disfrutar de tres d\u00edas llenos de emoci\u00f3n, competencia y paisajes impresionantes. Los mejores ciclistas del mundo se dar\u00e1n cita en esta prestigiosa carrera, desafiando sus l\u00edmites y demostrando su destreza en &hellip; <\/p>\n<p class=\"link-more\"><a href=\"https:\/\/vueltavila.es\/\" class=\"more-link\">Leer m\u00e1s<span class=\"screen-reader-text\"> \u00abVuelve la vuelta \u00c1vila\u00bb<\/span><\/a><\/p>\n","protected":false},"author":4,"featured_media":6,"parent":0,"menu_order":0,"comment_status":"closed","ping_status":"closed","template":"","meta":{"inspiro_hide_title":false,"footnotes":""},"class_list":["post-7","page","type-page","status-publish","has-post-thumbnail","hentry"],"_links":{"self":[{"href":"https:\/\/vueltavila.es\/index.php?rest_route=\/wp\/v2\/pages\/7","targetHints":{"allow":["GET"]}}],"collection":[{"href":"https:\/\/vueltavila.es\/index.php?rest_route=\/wp\/v2\/pages"}],"about":[{"href":"https:\/\/vueltavila.es\/index.php?rest_route=\/wp\/v2\/types\/page"}],"author":[{"embeddable":true,"href":"https:\/\/vueltavila.es\/index.php?rest_route=\/wp\/v2\/users\/4"}],"replies":[{"embeddable":true,"href":"https:\/\/vueltavila.es\/index.php?rest_route=%2Fwp%2Fv2%2Fcomments&post=7"}],"version-history":[{"count":24,"href":"https:\/\/vueltavila.es\/index.php?rest_route=\/wp\/v2\/pages\/7\/revisions"}],"predecessor-version":[{"id":593,"href":"https:\/\/vueltavila.es\/index.php?rest_route=\/wp\/v2\/pages\/7\/revisions\/593"}],"wp:featuredmedia":[{"embeddable":true,"href":"https:\/\/vueltavila.es\/index.php?rest_route=\/wp\/v2\/media\/6"}],"wp:attachment":[{"href":"https:\/\/vueltavila.es\/index.php?rest_route=%2Fwp%2Fv2%2Fmedia&parent=7"}],"curies":[{"name":"wp","href":"https:\/\/api.w.org\/{rel}","templated":true}]}}